{"id":1385,"date":"2017-02-18T21:17:11","date_gmt":"2017-02-18T21:17:11","guid":{"rendered":"http:\/\/www.ezs-rep24.de\/wordpress\/?page_id=1385"},"modified":"2018-10-02T07:28:30","modified_gmt":"2018-10-02T07:28:30","slug":"mercedes-schluessel-anlernen","status":"publish","type":"page","link":"https:\/\/www.ezs-rep24.de\/wordpress\/?page_id=1385","title":{"rendered":"Mercedes Schl\u00fcssel anlernen"},"content":{"rendered":"<div>\n<p style=\"text-align: justify;\">Sie haben Ihren Zweitschl\u00fcssel verloren oder finden diesen nicht mehr?\u00a0Ihr Mercedes wurde Ihnen mit lediglich einem Schl\u00fcssel \u00fcbergeben?\u00a0Kein Problem f\u00fcr uns!\u00a0Wir codieren Ihnen einen nagelneuen Schl\u00fcssel f\u00fcr Ihr Fahrzeug!\u00a0Es handelt sich hierbei um den Chromschl\u00fcssel , welcher im Vergleich zu dem alten Schl\u00fcssel nat\u00fcrlich um einiges hochwertiger aussieht.<\/p>\n<\/div>\n<div><a href=\"http:\/\/www.ezs-rep24.de\/wordpress\/wp-content\/uploads\/2013\/03\/rep2.png\"><strong>Die Programmierung eines Schl\u00fcssels kostet bei uns lediglich 150 \u20ac (um einiges g\u00fcnstiger als Mercedes<\/strong><\/a><a href=\"http:\/\/www.ezs-rep24.de\/wordpress\/wp-content\/uploads\/2013\/03\/rep2.png\"><strong>. Der Schl\u00fcssel w\u00e4re nat\u00fcrlich inklusive.<\/strong><\/a><\/div>\n","protected":false},"excerpt":{"rendered":"<p>Sie haben Ihren Zweitschl\u00fcssel verloren oder finden diesen nicht mehr?\u00a0Ihr Mercedes wurde Ihnen mit lediglich einem Schl\u00fcssel \u00fcbergeben?\u00a0Kein Problem f\u00fcr uns!\u00a0Wir codieren Ihnen einen nagelneuen Schl\u00fcssel f\u00fcr Ihr Fahrzeug!\u00a0Es handelt sich hierbei um den Chromschl\u00fcssel , welcher im Vergleich zu &hellip; <a href=\"https:\/\/www.ezs-rep24.de\/wordpress\/?page_id=1385\">Continue reading <span class=\"meta-nav\">&rarr;<\/span><\/a><\/p>\n","protected":false},"author":1,"featured_media":0,"parent":0,"menu_order":0,"comment_status":"closed","ping_status":"closed","template":"sidebar-page.php","meta":[],"_links":{"self":[{"href":"https:\/\/www.ezs-rep24.de\/wordpress\/index.php?rest_route=\/wp\/v2\/pages\/1385"}],"collection":[{"href":"https:\/\/www.ezs-rep24.de\/wordpress\/index.php?rest_route=\/wp\/v2\/pages"}],"about":[{"href":"https:\/\/www.ezs-rep24.de\/wordpress\/index.php?rest_route=\/wp\/v2\/types\/page"}],"author":[{"embeddable":true,"href":"https:\/\/www.ezs-rep24.de\/wordpress\/index.php?rest_route=\/wp\/v2\/users\/1"}],"replies":[{"embeddable":true,"href":"https:\/\/www.ezs-rep24.de\/wordpress\/index.php?rest_route=%2Fwp%2Fv2%2Fcomments&post=1385"}],"version-history":[{"count":7,"href":"https:\/\/www.ezs-rep24.de\/wordpress\/index.php?rest_route=\/wp\/v2\/pages\/1385\/revisions"}],"predecessor-version":[{"id":1485,"href":"https:\/\/www.ezs-rep24.de\/wordpress\/index.php?rest_route=\/wp\/v2\/pages\/1385\/revisions\/1485"}],"wp:attachment":[{"href":"https:\/\/www.ezs-rep24.de\/wordpress\/index.php?rest_route=%2Fwp%2Fv2%2Fmedia&parent=1385"}],"curies":[{"name":"wp","href":"https:\/\/api.w.org\/{rel}","templated":true}]}}