{"id":1407,"date":"2017-03-06T22:08:53","date_gmt":"2017-03-06T22:08:53","guid":{"rendered":"http:\/\/www.ezs-rep24.de\/wordpress\/?page_id=1407"},"modified":"2017-03-06T22:12:53","modified_gmt":"2017-03-06T22:12:53","slug":"sprinter-ezs-reparatur","status":"publish","type":"page","link":"https:\/\/www.ezs-rep24.de\/wordpress\/?page_id=1407","title":{"rendered":"Sprinter EZS Reparatur"},"content":{"rendered":"<p>Mercedes EZS\/ELV Reparatur Sie k\u00f6nnen Ihr Fahrzeug nicht mehr mit dem Funkschl\u00fcssel \u00f6ffnen? Oder Ihr Z\u00fcndschl\u00fcssel l\u00e4sst sich nicht mehr im Z\u00fcndschloss (EZS) drehen? Der Schl\u00fcssel wird sogar gar nicht erkannt und die EZS reagiert gar nicht? Die Lenkradverriegelung (ELV) entriegelt nicht? Meistens tritt der Fehler sporadisch auf und wird irgendwann zum Dauerproblem!<\/p>\n<p>Die Ursache f\u00fcr diesen Fehler liegt meistens in dem Z\u00fcndschloss, der sogenannten EZS oder der ELV. Da die Reparatur in der Fachwerkstatt meistens den finanziellen Rahmen sprengt und leicht Kosten von bis zu 1200 \u20ac verursacht, haben wir uns auf die Reparatur Ihrer EZS\/ELV spezialisiert.<br \/>\n<iframe loading=\"lazy\" src=\"https:\/\/www.youtube.com\/embed\/pMnPYGAEDbo\" height=\"315\" width=\"560\" allowfullscreen=\"\" frameborder=\"0\"><\/iframe><\/p>\n","protected":false},"excerpt":{"rendered":"<p>Mercedes EZS\/ELV Reparatur Sie k\u00f6nnen Ihr Fahrzeug nicht mehr mit dem Funkschl\u00fcssel \u00f6ffnen? Oder Ihr Z\u00fcndschl\u00fcssel l\u00e4sst sich nicht mehr im Z\u00fcndschloss (EZS) drehen? Der Schl\u00fcssel wird sogar gar nicht erkannt und die EZS reagiert gar nicht? Die Lenkradverriegelung (ELV) &hellip; <a href=\"https:\/\/www.ezs-rep24.de\/wordpress\/?page_id=1407\">Continue reading <span class=\"meta-nav\">&rarr;<\/span><\/a><\/p>\n","protected":false},"author":1,"featured_media":0,"parent":0,"menu_order":0,"comment_status":"open","ping_status":"open","template":"sidebar-page.php","meta":[],"_links":{"self":[{"href":"https:\/\/www.ezs-rep24.de\/wordpress\/index.php?rest_route=\/wp\/v2\/pages\/1407"}],"collection":[{"href":"https:\/\/www.ezs-rep24.de\/wordpress\/index.php?rest_route=\/wp\/v2\/pages"}],"about":[{"href":"https:\/\/www.ezs-rep24.de\/wordpress\/index.php?rest_route=\/wp\/v2\/types\/page"}],"author":[{"embeddable":true,"href":"https:\/\/www.ezs-rep24.de\/wordpress\/index.php?rest_route=\/wp\/v2\/users\/1"}],"replies":[{"embeddable":true,"href":"https:\/\/www.ezs-rep24.de\/wordpress\/index.php?rest_route=%2Fwp%2Fv2%2Fcomments&post=1407"}],"version-history":[{"count":3,"href":"https:\/\/www.ezs-rep24.de\/wordpress\/index.php?rest_route=\/wp\/v2\/pages\/1407\/revisions"}],"predecessor-version":[{"id":1410,"href":"https:\/\/www.ezs-rep24.de\/wordpress\/index.php?rest_route=\/wp\/v2\/pages\/1407\/revisions\/1410"}],"wp:attachment":[{"href":"https:\/\/www.ezs-rep24.de\/wordpress\/index.php?rest_route=%2Fwp%2Fv2%2Fmedia&parent=1407"}],"curies":[{"name":"wp","href":"https:\/\/api.w.org\/{rel}","templated":true}]}}